{"id":1932,"date":"2024-05-01T18:56:08","date_gmt":"2024-05-01T15:56:08","guid":{"rendered":"https:\/\/www.askomltd.com.tr\/?page_id=1932"},"modified":"2024-05-01T19:15:36","modified_gmt":"2024-05-01T16:15:36","slug":"oil-free","status":"publish","type":"page","link":"https:\/\/www.askomltd.com.tr\/index.php\/urunlerimiz\/elgi\/oil-free\/","title":{"rendered":"Oil Free"},"content":{"rendered":"<p>[vc_row][vc_column width=&#8221;1\/2&#8243;][vc_single_image image=&#8221;1955&#8243; img_size=&#8221;full&#8221; alignment=&#8221;center&#8221;][\/vc_column][vc_column width=&#8221;1\/2&#8243;][vc_column_text]<strong>ELEKTR\u0130KL\u0130 YA\u011eSIZ V\u0130DALI HAVA KOMPRES\u00d6R\u00dc<\/strong><br \/>\n<strong>45\u2013450 KW<\/strong><br \/>\nELGi , kendi b\u00fcnyesinde tasarlan\u0131p \u00fcretilen ya\u011fs\u0131z vida ucuna sahip az say\u0131da hava kompres\u00f6r\u00fc \u00fcreticisi aras\u0131ndad\u0131r . ELGi&#8217;nin ya\u011fs\u0131z hava kompres\u00f6rleri serisi, s\u0131n\u0131f\u0131n\u0131n en iyisi garantiyle desteklenen, \u00f6nde gelen enerji verimlili\u011fi, g\u00fcvenilirlik ve d\u00fc\u015f\u00fck i\u015fletme maliyetleriyle s\u0131f\u0131r s\u0131n\u0131f ya\u011fs\u0131z hava sa\u011flar. Kuru vidal\u0131 hava kompres\u00f6rleri olarak da bilinen ya\u011fs\u0131z hava kompres\u00f6rleri, renk kaplama, elektronik \u00e7ip \u00fcretimi, otomatik montaj hatlar\u0131 ve hava kalitesinin korunmas\u0131n\u0131n kritik oldu\u011fu daha pek \u00e7ok uygulama i\u00e7in kullan\u0131l\u0131r.[\/vc_column_text][\/vc_column][\/vc_row][vc_row][vc_column][vc_column_text]<strong>NEDEN ELGi&#8217;nin YA\u011eSIZ SER\u0130S\u0130?<\/strong><\/p>\n<p><strong>S\u0131n\u0131f 0 ya\u011fs\u0131z hava<\/strong><\/p>\n<p>Ya\u011fs\u0131z Serimiz, ISO8573-1 s\u0131n\u0131f 0 ya\u011f standartlar\u0131n\u0131 kar\u015f\u0131layan tutarl\u0131 ya\u011fs\u0131z havaya sahiptir. G\u0131da s\u0131n\u0131f\u0131 kaplama, havan\u0131n kompres\u00f6r\u00fcn i\u00e7indeki metal y\u00fczeyle temas etti\u011fi yerde yap\u0131l\u0131r ve metal kal\u0131nt\u0131s\u0131 olmadan tutarl\u0131 ya\u011fs\u0131z hava sa\u011flar. Borular, tutarl\u0131 hava da\u011f\u0131t\u0131m\u0131 sa\u011flayan optimize edilmi\u015f rotor a\u00e7\u0131kl\u0131klar\u0131n\u0131n yan\u0131 s\u0131ra s\u00fcrekli olarak temiz ve ya\u011fs\u0131z hava sa\u011flayan \u00f6zel bir e-kaplamaya sahiptir.<\/p>\n<p><strong>\u00d6zg\u00fcn olarak tasarlanm\u0131\u015f ve \u00fcretilmi\u015f vidal\u0131 u\u00e7lar<\/strong><\/p>\n<p>ELGi, ya\u011fs\u0131z vida par\u00e7alar\u0131 tasarlayan ve \u00fcreten \u00e7ok az say\u0131da kompres\u00f6r \u015firketinden biridir. \u015eirket i\u00e7i ya\u011fs\u0131z teknolojimiz sayesinde kompres\u00f6rler, maksimum \u00e7al\u0131\u015fma s\u00fcresi ve g\u00fcvenilirlik sa\u011flayacak \u015fekilde tasarlanm\u0131\u015ft\u0131r. ELGi&#8217;nin benzersiz eta-V rotor tasar\u0131m\u0131, bas\u0131n\u00e7 kay\u0131plar\u0131n\u0131 azalt\u0131r ve kademe verimlili\u011fini art\u0131rarak optimize edilmi\u015f bir bas\u0131n\u00e7l\u0131 hava sistemi sa\u011flar<\/p>\n<p><strong>Verimlilik ve uzun vadeli g\u00fcvenilirlik i\u00e7in PTFE vida ucu kaplamas\u0131<\/strong><\/p>\n<p>Vida ucu Rotorlar\u0131m\u0131z ve mahfazam\u0131z, korozyona kar\u015f\u0131 dayan\u0131kl\u0131l\u0131k sa\u011flamak ve 250 derece C&#8217;ye kadar y\u00fcksek s\u0131cakl\u0131klara dayanmak i\u00e7in PTFE bazl\u0131 g\u0131da s\u0131n\u0131f\u0131 PP kaplama ile kaplanm\u0131\u015ft\u0131r. Bu, verimlilik kayb\u0131 olmadan optimum uzun vadeli performansla sonu\u00e7lan\u0131r.<\/p>\n<p><strong>Hava so\u011futmal\u0131 ve su so\u011futmal\u0131 gereksinimlere olanak tan\u0131yan esnek tasar\u0131m<\/strong><\/p>\n<p>Maksimum s\u0131cakl\u0131k fark\u0131 i\u00e7in \u00f6zel olarak tasarlanm\u0131\u015f, boru i\u00e7inde su sistemli Cupronickel so\u011futucular\u0131 ta\u015f\u0131yan Ya\u011fs\u0131z Serimiz. Kendi t\u00fcr\u00fcnde en az kirlenme fakt\u00f6r\u00fcne ve en iyi termal verimlili\u011fe sahip 8 derece C<\/p>\n<p><strong>S\u0131n\u0131f\u0131n\u0131n en iyisi garanti<\/strong><\/p>\n<p>ELGi, \u00fcr\u00fcnlerinin ve \u00fcr\u00fcnlerine ait bile\u015fenlerin, belirtilen s\u00fcreler boyunca tasarland\u0131klar\u0131 ve tasarland\u0131klar\u0131 ama\u00e7 ve i\u015flevi yerine getirece\u011fini garanti eden sekt\u00f6r lideri garantiyi sunarak m\u00fc\u015fterilerin g\u00f6n\u00fcl rahatl\u0131\u011f\u0131 sa\u011flamaya y\u00f6nelik \u00c7al\u0131\u015fma S\u00fcresi G\u00fcvencesi ile birlikte gelir. ELGi&#8217;nin talimat ve spesifikasyonlar\u0131na uygun olarak kullan\u0131l\u0131r, servisi yap\u0131l\u0131r ve bak\u0131m\u0131 yap\u0131l\u0131r<\/p>\n<p><strong>S\u0131n\u0131f\u0131n\u0131n en iyisi bak\u0131m maliyeti<\/strong><\/p>\n<p>Ya\u011fs\u0131z Serideki Kremayer ve Pinyon kapasite kontrol sistemimiz ile bir milyondan fazla d\u00f6ng\u00fc boyunca bak\u0131m gerektirmez.<\/p>\n<p><strong>\u00a0UYGULANAB\u0130L\u0130R SEKT\u00d6RLER<\/strong><\/p>\n<div class=\"row\">\n<aside class=\"col-md-12\">\n<ul class=\"prodet-industries-list\">\n<li>TEKST\u0130L<\/li>\n<li>ELEKTRON\u0130K<\/li>\n<li>HAVA AYIRMA<\/li>\n<li>Y\u0130YECEK VE \u0130\u00c7ECEKLER<\/li>\n<li>ECZACILIK<\/li>\n<\/ul>\n<\/aside>\n<\/div>\n<p>[\/vc_column_text][vc_column_text]<\/p>\n<p style=\"text-align: center;\"><strong>\u015eema<br \/>\nYa\u011fs\u0131z \u0130ki Kademeli Su So\u011futmal\u0131<\/strong><\/p>\n<p>[\/vc_column_text][vc_single_image image=&#8221;1959&#8243; img_size=&#8221;full&#8221; alignment=&#8221;center&#8221;][apress_photo_gallery images=&#8221;1961,1962,1963,1964&#8243; image_gutter=&#8221;10&#8243; use_lightbox=&#8221;yes&#8221;][\/vc_column][\/vc_row][vc_row][vc_column][apress_icon_box box_style=&#8221;box_style_square&#8221; box_variation=&#8221;variation_modern&#8221; iconcolor=&#8221;#0088cc&#8221; boxtitlepad=&#8221;padding-top:10|padding-bottom:5&#8243; icon_family=&#8221;fontawesome&#8221; icon_fontawesome=&#8221;fas fa-file-pdf&#8221; contentboxtitle=&#8221;E-KATALOG&#8221; contentboxarea=&#8221;&#8221;][\/vc_column][\/vc_row]<\/p>\n","protected":false},"excerpt":{"rendered":"<p>[vc_row][vc_column width=&#8221;1\/2&#8243;][vc_single_image image=&#8221;1955&#8243; img_size=&#8221;full&#8221; alignment=&#8221;center&#8221;][\/vc_column][vc_column width=&#8221;1\/2&#8243;][vc_column_text]ELEKTR\u0130KL\u0130 YA\u011eSIZ V\u0130DALI HAVA KOMPRES\u00d6R\u00dc 45\u2013450 KW ELGi , kendi b\u00fcnyesinde tasarlan\u0131p \u00fcretilen ya\u011fs\u0131z vida ucuna sahip az say\u0131da hava kompres\u00f6r\u00fc \u00fcreticisi aras\u0131ndad\u0131r . ELGi&#8217;nin ya\u011fs\u0131z hava kompres\u00f6rleri serisi, s\u0131n\u0131f\u0131n\u0131n en iyisi garantiyle desteklenen, \u00f6nde<span class=\"read_more_area\"><a class=\"read-more\" href=\"https:\/\/www.askomltd.com.tr\/index.php\/urunlerimiz\/elgi\/oil-free\/\"> Continue Reading <\/a><\/span><\/p>\n","protected":false},"author":1,"featured_media":0,"parent":1817,"menu_order":0,"comment_status":"closed","ping_status":"closed","template":"","meta":[],"_links":{"self":[{"href":"https:\/\/www.askomltd.com.tr\/index.php\/wp-json\/wp\/v2\/pages\/1932"}],"collection":[{"href":"https:\/\/www.askomltd.com.tr\/index.php\/wp-json\/wp\/v2\/pages"}],"about":[{"href":"https:\/\/www.askomltd.com.tr\/index.php\/wp-json\/wp\/v2\/types\/page"}],"author":[{"embeddable":true,"href":"https:\/\/www.askomltd.com.tr\/index.php\/wp-json\/wp\/v2\/users\/1"}],"replies":[{"embeddable":true,"href":"https:\/\/www.askomltd.com.tr\/index.php\/wp-json\/wp\/v2\/comments?post=1932"}],"version-history":[{"count":7,"href":"https:\/\/www.askomltd.com.tr\/index.php\/wp-json\/wp\/v2\/pages\/1932\/revisions"}],"predecessor-version":[{"id":1967,"href":"https:\/\/www.askomltd.com.tr\/index.php\/wp-json\/wp\/v2\/pages\/1932\/revisions\/1967"}],"up":[{"embeddable":true,"href":"https:\/\/www.askomltd.com.tr\/index.php\/wp-json\/wp\/v2\/pages\/1817"}],"wp:attachment":[{"href":"https:\/\/www.askomltd.com.tr\/index.php\/wp-json\/wp\/v2\/media?parent=1932"}],"curies":[{"name":"wp","href":"https:\/\/api.w.org\/{rel}","templated":true}]}}