{"id":1930,"date":"2024-05-01T18:55:49","date_gmt":"2024-05-01T15:55:49","guid":{"rendered":"https:\/\/www.askomltd.com.tr\/?page_id=1930"},"modified":"2024-05-01T19:07:38","modified_gmt":"2024-05-01T16:07:38","slug":"eg-serisi","status":"publish","type":"page","link":"https:\/\/www.askomltd.com.tr\/index.php\/urunlerimiz\/elgi\/eg-serisi\/","title":{"rendered":"EG Serisi"},"content":{"rendered":"<p>[vc_row][vc_column width=&#8221;1\/2&#8243;][vc_single_image image=&#8221;1950&#8243; img_size=&#8221;full&#8221; alignment=&#8221;center&#8221;][\/vc_column][vc_column width=&#8221;1\/2&#8243;][vc_column_text]<strong>ELEKTR\u0130KL\u0130 YA\u011eLAMALI V\u0130DALI HAVA KOMPRES\u00d6RLER\u0130<br \/>\n11 \u2013 250 kW EG SER\u0130S\u0130<\/strong><br \/>\nELGi&#8217;nin EG serisi ya\u011fl\u0131 vidal\u0131 kompres\u00f6rleri, her bir bile\u015fenin g\u00fcvenilirlik ve bak\u0131m kolayl\u0131\u011f\u0131 sa\u011flayacak \u015fekilde tasarlanmas\u0131yla tasar\u0131m ve performansta dev bir s\u0131\u00e7ramay\u0131 temsil ediyor. Ayr\u0131ca her bir d\u00f6ner vidal\u0131 kompres\u00f6r, ge\u00e7erli uluslararas\u0131 standartlara (CE, ASME, UL ve di\u011ferleri) uygun olarak tasarlan\u0131p \u00fcretilmektedir. EG serisi ya\u011fla ya\u011flamal\u0131 d\u00f6ner vidal\u0131 kompres\u00f6rler sekt\u00f6rdeki en d\u00fc\u015f\u00fck ya\u011f ta\u015f\u0131n\u0131m\u0131n\u0131 sunar. A\u015f\u0131r\u0131 s\u0131cakl\u0131klarda \u00e7al\u0131\u015fabilme yetenekleri onlar\u0131 \u00e7e\u015fitli end\u00fcstriler i\u00e7in uygun k\u0131lar.[\/vc_column_text][\/vc_column][\/vc_row][vc_row][vc_column width=&#8221;1\/2&#8243;][vc_single_image image=&#8221;1952&#8243; img_size=&#8221;full&#8221; alignment=&#8221;center&#8221;][\/vc_column][vc_column width=&#8221;1\/2&#8243;][vc_single_image image=&#8221;1953&#8243; img_size=&#8221;full&#8221; alignment=&#8221;center&#8221;][\/vc_column][\/vc_row][vc_row][vc_column][vc_column_text]<strong>ELGi&#8217;nin son teknoloji \u00fcr\u00fcn\u00fc 11-250 kW EG Serisi Elektrikli Ya\u011flamal\u0131 Vidal\u0131 Hava Kompres\u00f6rleri,<\/strong> end\u00fcstriyel uygulamalarda en y\u00fcksek performans ve benzersiz verimlilik ve g\u00fcvenilirlik i\u00e7in tasarlanm\u0131\u015ft\u0131r. A\u011f\u0131r hizmet uygulamalar\u0131n\u0131n ihtiya\u00e7lar\u0131n\u0131 kar\u015f\u0131layan istikrarl\u0131 ve y\u00fcksek kaliteli bas\u0131n\u00e7l\u0131 hava sunarlar. Sa\u011flam yap\u0131 dayan\u0131kl\u0131l\u0131k sa\u011flar, ar\u0131za s\u00fcresini ve bak\u0131m masraflar\u0131n\u0131 azalt\u0131r. Bu kompres\u00f6rler \u00e7evre dostudur ve karbon ayak izini azaltan enerji tasarruflu i\u015flemler sunar. Kullan\u0131c\u0131 dostu aray\u00fcz \u00e7al\u0131\u015fmay\u0131 kolayla\u015ft\u0131r\u0131r ve benzersiz \u00f6zellikler g\u00fcvenli\u011fi ve uzun \u00f6m\u00fcrl\u00fcl\u00fc\u011f\u00fc art\u0131r\u0131r. 11-250 kW EG Serisi Elektrikli Ya\u011flamal\u0131 Vidal\u0131 Hava Kompres\u00f6rlerimiz ile \u00fcretiminizi art\u0131r\u0131n ve sorunsuz \u00e7al\u0131\u015fman\u0131n keyfini \u00e7\u0131kar\u0131n.<\/p>\n<h2 class=\"prod-info-title\">NEDEN ELG\u00a0<span class=\"text-lowercase\">i&#8217;nin<\/span>\u00a0EG SER\u0130S\u0130 V\u0130DALI HAVA KOMPRES\u00d6R\u00dc?<\/h2>\n<p><strong>S\u0131n\u0131f\u0131n\u0131n en iyisi enerji verimlili\u011fi<\/strong><br \/>\nEG serimiz, 4\/5 lob kombinasyonuna sahip \u015firket i\u00e7i geli\u015ftirilmi\u015f eta-V profil rotorlarla donat\u0131lm\u0131\u015f, y\u00fcksek verimli hava u\u00e7lar\u0131na sahiptir. Rotorlar\u0131n benzersiz tasar\u0131m\u0131 nedeniyle optimum h\u0131zlarda \u00e7al\u0131\u015f\u0131r, bu da bas\u0131n\u00e7 kay\u0131plar\u0131n\u0131 azalt\u0131r ve verimlili\u011fi art\u0131r\u0131r ve dolay\u0131s\u0131yla t\u00fcm zorlu uygulamalar i\u00e7in enerji tasarruflu bas\u0131n\u00e7l\u0131 hava beslemesi sa\u011flar.<\/p>\n<p><strong>S\u0131n\u0131f\u0131n\u0131n en iyisi bak\u0131m ve i\u015fletme maliyeti<\/strong><br \/>\nEG Serisi elektrikli ya\u011flamal\u0131 vidal\u0131 hava kompres\u00f6rlerimiz, en zorlu ortam ko\u015fullar\u0131nda y\u00fcksek kaliteli bas\u0131n\u00e7l\u0131 hava sa\u011flar. ELGi&#8217;nin kendi b\u00fcnyesinde tasarlay\u0131p \u00fcretti\u011fi ya\u011f enjeksiyonlu vidal\u0131 kompres\u00f6r\u00fcn vida ucu, d\u00fc\u015f\u00fck i\u015fletme maliyetiyle uzun ve sorunsuz bir kullan\u0131m \u00f6mr\u00fc sa\u011flar.<\/p>\n<p><strong>D\u00fc\u015f\u00fck ya\u011f ta\u015f\u0131nmas\u0131<\/strong><br \/>\nEG Serisi elektrikli vidal\u0131 kompres\u00f6rdeki benzersiz OSBIC i\u015flemimiz (Darbe ve Santrif\u00fcj Hareketi ile Ya\u011f Ay\u0131rma) sayesinde, hava ve ya\u011f\u0131n 3 a\u015famada verimli bir \u015fekilde ayr\u0131lmas\u0131n\u0131 sa\u011flayarak minimum bas\u0131n\u00e7 kayb\u0131yla tutarl\u0131 ya\u011fs\u0131z hava sa\u011flar.<\/p>\n<p><strong>S\u0131n\u0131f\u0131n\u0131n en iyisi garanti program\u0131<\/strong><br \/>\nELGi kompres\u00f6rleri, \u00fcr\u00fcnlerinin ve \u00fcr\u00fcnlerine ait bile\u015fenlerin ama\u00e7 ve i\u015flevi yerine getirece\u011fini garanti eden, end\u00fcstri lideri garantiyi sunarak m\u00fc\u015fterilere g\u00f6n\u00fcl rahatl\u0131\u011f\u0131 sa\u011flayan \u00c7al\u0131\u015fma S\u00fcresi G\u00fcvencesi ile birlikte gelir. ELGi&#8217;nin talimat ve spesifikasyonlar\u0131na uygun olarak kullan\u0131ld\u0131\u011f\u0131nda, servise verildi\u011finde ve bak\u0131m\u0131 yap\u0131ld\u0131\u011f\u0131nda belirtilen s\u00fcreler i\u00e7in tasarlanm\u0131\u015f ve tasarlanm\u0131\u015ft\u0131r.<\/p>\n<p><strong>D\u00fc\u015f\u00fck \u00e7al\u0131\u015fma h\u0131zlar\u0131 ve d\u00fc\u015f\u00fck \u00e7al\u0131\u015fma s\u0131cakl\u0131klar\u0131ndan kaynaklanan ola\u011fan\u00fcst\u00fc g\u00fcvenilirlik<\/strong><br \/>\nEG serisi kompres\u00f6rlerimiz, so\u011fuktan s\u0131ca\u011fa ve kurudan a\u015f\u0131r\u0131 nemli ko\u015fullara kadar a\u015f\u0131r\u0131 s\u0131cakl\u0131klarda \u00e7al\u0131\u015facak \u015fekilde tasarlanm\u0131\u015ft\u0131r.<\/p>\n<p><strong>Enerji verimlili\u011fi i\u00e7in opsiyonel de\u011fi\u015fken h\u0131zl\u0131 s\u00fcr\u00fcc\u00fcler<\/strong><br \/>\nEG Serisi kompres\u00f6rlerimiz, s\u0131n\u0131f\u0131n\u0131n en iyisi enerji verimlili\u011fi i\u00e7in hassas rotor bo\u015fluklar\u0131na sahiptir; bu da uzun \u00f6m\u00fcr, d\u00fc\u015f\u00fck bak\u0131m ve d\u00fc\u015f\u00fck ses seviyesi i\u00e7in d\u00fc\u015f\u00fck \u00e7al\u0131\u015fma h\u0131zlar\u0131 sa\u011flar. Dahili De\u011fi\u015fken Frekansl\u0131 S\u00fcr\u00fcc\u00fclerimiz (VFD), motor h\u0131z\u0131n\u0131 de\u011fi\u015ftirerek kompres\u00f6r \u00e7\u0131k\u0131\u015f\u0131n\u0131 talebe g\u00f6re e\u015fle\u015ftirir; B\u00f6ylece talepteki azalmaya paralel olarak g\u00fc\u00e7 t\u00fcketimi de azal\u0131yor, bu da s\u0131k s\u0131k y\u00fck-bo\u015faltma d\u00f6ng\u00fcs\u00fcn\u00fcn ve ayn\u0131 zamanda enerji faturas\u0131nda bo\u015fa harcanan g\u00fcc\u00fcn ortadan kald\u0131r\u0131lmas\u0131na yard\u0131mc\u0131 oluyor.<\/p>\n<p><strong>\u00c7al\u0131\u015fma verileri ve g\u00fcvenlik \u00f6nlemleri<\/strong><br \/>\nEG Serisi ya\u011fl\u0131 d\u00f6ner vidal\u0131 hava kompres\u00f6rlerimiz, a\u015fa\u011f\u0131dakiler i\u00e7in en y\u00fcksek g\u00fcvenlik seviyesini sa\u011flayacak \u015fekilde tasarlanm\u0131\u015ft\u0131r: Bas\u0131n\u00e7 d\u00fczenleme vanas\u0131, Y\u00fcksek bas\u0131n\u00e7, Y\u00fcksek s\u0131cakl\u0131k, Bas\u0131n\u00e7 tahliye vanas\u0131, Faz s\u0131ras\u0131 ve tek faz.[\/vc_column_text][\/vc_column][\/vc_row][vc_row][vc_column][apress_icon_box box_style=&#8221;box_style_square&#8221; box_variation=&#8221;variation_modern&#8221; iconcolor=&#8221;#0088cc&#8221; boxtitlepad=&#8221;padding-top:10|padding-bottom:5&#8243; icon_family=&#8221;fontawesome&#8221; icon_fontawesome=&#8221;fas fa-file-pdf&#8221; contentboxtitle=&#8221;E-KATALOG&#8221; contentboxarea=&#8221;&#8221;][\/vc_column][\/vc_row]<\/p>\n","protected":false},"excerpt":{"rendered":"<p>[vc_row][vc_column width=&#8221;1\/2&#8243;][vc_single_image image=&#8221;1950&#8243; img_size=&#8221;full&#8221; alignment=&#8221;center&#8221;][\/vc_column][vc_column width=&#8221;1\/2&#8243;][vc_column_text]ELEKTR\u0130KL\u0130 YA\u011eLAMALI V\u0130DALI HAVA KOMPRES\u00d6RLER\u0130 11 \u2013 250 kW EG SER\u0130S\u0130 ELGi&#8217;nin EG serisi ya\u011fl\u0131 vidal\u0131 kompres\u00f6rleri, her bir bile\u015fenin g\u00fcvenilirlik ve bak\u0131m kolayl\u0131\u011f\u0131 sa\u011flayacak \u015fekilde tasarlanmas\u0131yla tasar\u0131m ve performansta dev bir s\u0131\u00e7ramay\u0131 temsil ediyor.<span class=\"read_more_area\"><a class=\"read-more\" href=\"https:\/\/www.askomltd.com.tr\/index.php\/urunlerimiz\/elgi\/eg-serisi\/\"> Continue Reading <\/a><\/span><\/p>\n","protected":false},"author":1,"featured_media":0,"parent":1817,"menu_order":0,"comment_status":"closed","ping_status":"closed","template":"","meta":[],"_links":{"self":[{"href":"https:\/\/www.askomltd.com.tr\/index.php\/wp-json\/wp\/v2\/pages\/1930"}],"collection":[{"href":"https:\/\/www.askomltd.com.tr\/index.php\/wp-json\/wp\/v2\/pages"}],"about":[{"href":"https:\/\/www.askomltd.com.tr\/index.php\/wp-json\/wp\/v2\/types\/page"}],"author":[{"embeddable":true,"href":"https:\/\/www.askomltd.com.tr\/index.php\/wp-json\/wp\/v2\/users\/1"}],"replies":[{"embeddable":true,"href":"https:\/\/www.askomltd.com.tr\/index.php\/wp-json\/wp\/v2\/comments?post=1930"}],"version-history":[{"count":3,"href":"https:\/\/www.askomltd.com.tr\/index.php\/wp-json\/wp\/v2\/pages\/1930\/revisions"}],"predecessor-version":[{"id":1954,"href":"https:\/\/www.askomltd.com.tr\/index.php\/wp-json\/wp\/v2\/pages\/1930\/revisions\/1954"}],"up":[{"embeddable":true,"href":"https:\/\/www.askomltd.com.tr\/index.php\/wp-json\/wp\/v2\/pages\/1817"}],"wp:attachment":[{"href":"https:\/\/www.askomltd.com.tr\/index.php\/wp-json\/wp\/v2\/media?parent=1930"}],"curies":[{"name":"wp","href":"https:\/\/api.w.org\/{rel}","templated":true}]}}