{"id":1360,"date":"2017-10-10T16:01:11","date_gmt":"2017-10-10T13:01:11","guid":{"rendered":"http:\/\/apressthemes.com\/demo35\/?page_id=1360"},"modified":"2024-08-31T13:16:53","modified_gmt":"2024-08-31T10:16:53","slug":"anasayfa","status":"publish","type":"page","link":"https:\/\/www.askomltd.com.tr\/","title":{"rendered":"Anasayfa"},"content":{"rendered":"<p>[vc_row content_placement=&#8221;middle&#8221; css_animation=&#8221;none&#8221;][vc_column css_animation=&#8221;fadeInDown&#8221; width=&#8221;1\/2&#8243;][vc_single_image image=&#8221;1750&#8243; img_size=&#8221;full&#8221; css_animation=&#8221;none&#8221;][\/vc_column][vc_column css_animation=&#8221;fadeInUp&#8221; width=&#8221;1\/2&#8243;]<div id=\"ultimate-heading-686569f4449855357\" class=\"uvc-heading ult-adjust-bottom-margin ultimate-heading-686569f4449855357 uvc-2153 \" data-hspacer=\"no_spacer\"  data-halign=\"left\" style=\"text-align:left\"><div class=\"uvc-heading-spacer no_spacer\" style=\"top\"><\/div><div class=\"uvc-main-heading ult-responsive\"  data-ultimate-target='.uvc-heading.ultimate-heading-686569f4449855357 h2'  data-responsive-json-new='{\"font-size\":\"desktop:45px;\",\"line-height\":\"desktop:55px;\"}' ><h2 style=\"font-weight:normal;margin-bottom:30px;\">ASKOM<\/h2><\/div><div class=\"uvc-sub-heading ult-responsive\"  data-ultimate-target='.uvc-heading.ultimate-heading-686569f4449855357 .uvc-sub-heading '  data-responsive-json-new='{\"font-size\":\"desktop:16px;\",\"line-height\":\"desktop:30px;\"}'  style=\"font-weight:normal;\">ASKOM, \u0130n\u015faat ve tar\u0131m end\u00fcstrisi i\u00e7in \u00e7ok \u00e7e\u015fitli y\u00fcksek teknoloji \u00fcr\u00fcnlerinin tasar\u0131m, \u00fcretim ve da\u011f\u0131t\u0131m\u0131nda 30 y\u0131l\u0131 a\u015fk\u0131n bir s\u00fcredir faaliyet g\u00f6stermektedir.<br \/>\nASKOM, ta\u015f\u0131nabilir kompres\u00f6rler, elektrikli kompres\u00f6rler ve \u00e7ok i\u015flevli damperler, hidrolik k\u0131r\u0131c\u0131lar ve kesiciler gibi geni\u015f bir \u00fcr\u00fcn yelpazesi tasarlar ve \u00fcretir. ASKOM\u00a0tasar\u0131mlar\u0131 her zaman \u00e7evre dostudur ve kalite ve s\u00fcre\u00e7 a\u00e7\u0131s\u0131ndan uluslararas\u0131 standartlar\u0131n \u00e7o\u011funa uygundur.\u00a0Tasar\u0131m yetenekleriyle gurur duymaktad\u0131r ve sekt\u00f6rde bir dizi patenti ile tan\u0131nmaktad\u0131r.<\/div><\/div>[\/vc_column][\/vc_row][vc_row full_width=&#8221;stretch_row&#8221; content_placement=&#8221;middle&#8221; css_animation=&#8221;none&#8221; css=&#8221;.vc_custom_1603980600971{padding-top: 60px !important;padding-bottom: 60px !important;background-image: url(https:\/\/alfadestek.com\/askom1\/wp-content\/uploads\/2020\/10\/product-landing-banner.jpg?id=1751) !important;background-position: center !important;background-repeat: no-repeat !important;background-size: cover !important;}&#8221;][vc_column css_animation=&#8221;fadeInDown&#8221;]<div id=\"ultimate-heading-489369f44498553b4\" class=\"uvc-heading ult-adjust-bottom-margin ultimate-heading-489369f44498553b4 uvc-611 \" data-hspacer=\"no_spacer\"  data-halign=\"left\" style=\"text-align:left\"><div class=\"uvc-heading-spacer no_spacer\" style=\"top\"><\/div><div class=\"uvc-main-heading ult-responsive\"  data-ultimate-target='.uvc-heading.ultimate-heading-489369f44498553b4 h2'  data-responsive-json-new='{\"font-size\":\"desktop:45px;\",\"line-height\":\"desktop:55px;\"}' ><h2 style=\"font-weight:bold;color:#ffffff;margin-bottom:30px;\">YEN\u0130L\u0130K\u00c7\u0130L\u0130K<\/h2><\/div><div class=\"uvc-sub-heading ult-responsive\"  data-ultimate-target='.uvc-heading.ultimate-heading-489369f44498553b4 .uvc-sub-heading '  data-responsive-json-new='{\"font-size\":\"desktop:16px;\",\"line-height\":\"desktop:30px;\"}'  style=\"font-weight:normal;\"><span style=\"color: #ffffff;\">Sekt\u00f6rde m\u00fc\u015fterilerinin ihtiya\u00e7lar\u0131n\u0131 kar\u015f\u0131lamak i\u00e7in \u00f6zel m\u00fchendislik \u00e7\u00f6z\u00fcmleri sa\u011flamas\u0131yla tan\u0131n\u0131r. \u015eirket, de\u011fi\u015fen ihtiya\u00e7lar\u0131n\u0131 anlamak i\u00e7in m\u00fc\u015fterilerle i\u015fbirli\u011fi yapar ve buna g\u00f6re \u00e7\u00f6z\u00fcmler tasarlar.\u00a0Uzun vadeli ortakl\u0131k, temel ay\u0131rt edici fakt\u00f6r\u00fcm\u00fcz olmu\u015ftur.<\/span><\/div><\/div>[\/vc_column][\/vc_row][vc_row][vc_column width=&#8221;1\/3&#8243;][vc_single_image image=&#8221;1763&#8243; img_size=&#8221;full&#8221; alignment=&#8221;center&#8221;]<div id=\"ultimate-heading-284269f44498553df\" class=\"uvc-heading ult-adjust-bottom-margin ultimate-heading-284269f44498553df uvc-6514 \" data-hspacer=\"no_spacer\"  data-halign=\"center\" style=\"text-align:center\"><div class=\"uvc-heading-spacer no_spacer\" style=\"top\"><\/div><div class=\"uvc-main-heading ult-responsive\"  data-ultimate-target='.uvc-heading.ultimate-heading-284269f44498553df h2'  data-responsive-json-new='{\"font-size\":\"desktop:25px;\",\"line-height\":\"desktop:55px;\"}' ><h2 style=\"font-weight:normal;margin-bottom:30px;\">Rotair Dizel Kompres\u00f6r<\/h2><\/div><\/div>[\/vc_column][vc_column width=&#8221;1\/3&#8243;][vc_single_image image=&#8221;1766&#8243; img_size=&#8221;full&#8221; alignment=&#8221;center&#8221;]<div id=\"ultimate-heading-253869f4449855413\" class=\"uvc-heading ult-adjust-bottom-margin ultimate-heading-253869f4449855413 uvc-1769 \" data-hspacer=\"no_spacer\"  data-halign=\"center\" style=\"text-align:center\"><div class=\"uvc-heading-spacer no_spacer\" style=\"top\"><\/div><div class=\"uvc-main-heading ult-responsive\"  data-ultimate-target='.uvc-heading.ultimate-heading-253869f4449855413 h2'  data-responsive-json-new='{\"font-size\":\"desktop:25px;\",\"line-height\":\"desktop:55px;\"}' ><h2 style=\"font-weight:normal;margin-bottom:30px;\">Elgi Elektrikli Kompres\u00f6r<\/h2><\/div><\/div>[\/vc_column][vc_column width=&#8221;1\/3&#8243;][vc_single_image image=&#8221;1969&#8243; img_size=&#8221;full&#8221; alignment=&#8221;center&#8221;]<div id=\"ultimate-heading-194069f4449855433\" class=\"uvc-heading ult-adjust-bottom-margin ultimate-heading-194069f4449855433 uvc-6809 \" data-hspacer=\"no_spacer\"  data-halign=\"center\" style=\"text-align:center\"><div class=\"uvc-heading-spacer no_spacer\" style=\"top\"><\/div><div class=\"uvc-main-heading ult-responsive\"  data-ultimate-target='.uvc-heading.ultimate-heading-194069f4449855433 h2'  data-responsive-json-new='{\"font-size\":\"desktop:25px;\",\"line-height\":\"desktop:55px;\"}' ><h2 style=\"font-weight:normal;margin-bottom:30px;\">HasconWing<\/h2><\/div><\/div>[\/vc_column][\/vc_row][vc_row][vc_column width=&#8221;1\/2&#8243;][vc_single_image image=&#8221;1774&#8243; img_size=&#8221;full&#8221; alignment=&#8221;center&#8221;]<div id=\"ultimate-heading-178969f4449855450\" class=\"uvc-heading ult-adjust-bottom-margin ultimate-heading-178969f4449855450 uvc-8845 \" data-hspacer=\"no_spacer\"  data-halign=\"center\" style=\"text-align:center\"><div class=\"uvc-heading-spacer no_spacer\" style=\"top\"><\/div><div class=\"uvc-main-heading ult-responsive\"  data-ultimate-target='.uvc-heading.ultimate-heading-178969f4449855450 h2'  data-responsive-json-new='{\"font-size\":\"desktop:25px;\",\"line-height\":\"desktop:55px;\"}' ><h2 style=\"font-weight:normal;margin-bottom:30px;\">AirCO Yedek Par\u00e7a<\/h2><\/div><\/div>[\/vc_column][vc_column width=&#8221;1\/2&#8243;][vc_single_image image=&#8221;1769&#8243; img_size=&#8221;full&#8221; alignment=&#8221;center&#8221;]<div id=\"ultimate-heading-838769f444985546c\" class=\"uvc-heading ult-adjust-bottom-margin ultimate-heading-838769f444985546c uvc-744 \" data-hspacer=\"no_spacer\"  data-halign=\"center\" style=\"text-align:center\"><div class=\"uvc-heading-spacer no_spacer\" style=\"top\"><\/div><div class=\"uvc-main-heading ult-responsive\"  data-ultimate-target='.uvc-heading.ultimate-heading-838769f444985546c h2'  data-responsive-json-new='{\"font-size\":\"desktop:25px;\",\"line-height\":\"desktop:55px;\"}' ><h2 style=\"font-weight:normal;margin-bottom:30px;\">Rampicar<\/h2><\/div><\/div>[\/vc_column][\/vc_row][vc_row full_width=&#8221;stretch_row_content_no_spaces&#8221;][vc_column][vc_gmaps link=&#8221;#E-8_JTNDaWZyYW1lJTIwc3JjJTNEJTIyaHR0cHMlM0ElMkYlMkZ3d3cuZ29vZ2xlLmNvbSUyRm1hcHMlMkZlbWJlZCUzRnBiJTNEJTIxMW0xNCUyMTFtOCUyMTFtMyUyMTFkNjExNi4zOTkzNjc4NDcwODclMjEyZDMyLjc1NjM3MiUyMTNkMzkuOTU5Mjg4JTIxM20yJTIxMWkxMDI0JTIxMmk3NjglMjE0ZjEzLjElMjEzbTMlMjExbTIlMjExczB4MCUyNTNBMHhmOGRkYzU2OWIyMDkzODk5JTIxMnNBc2tvbSUyNTIwTWFraW5hJTI1MjBNJTI1QzMlMjVCQ2hlbmRpc2xpayUyNTIwQS5TJTIxNWUwJTIxM20yJTIxMXN0ciUyMTJzdHIlMjE0djE2MDM5ODE2ODMxMzIlMjE1bTIlMjExc3RyJTIxMnN0ciUyMiUyMHdpZHRoJTNEJTIyMTAwJTI1JTIyJTIwaGVpZ2h0JTNEJTIyNDUwJTIyJTIwZnJhbWVib3JkZXIlM0QlMjIwJTIyJTIwc3R5bGUlM0QlMjJib3JkZXIlM0EwJTNCJTIyJTIwYWxsb3dmdWxsc2NyZWVuJTNEJTIyJTIyJTIwYXJpYS1oaWRkZW4lM0QlMjJmYWxzZSUyMiUyMHRhYmluZGV4JTNEJTIyMCUyMiUzRSUzQyUyRmlmcmFtZSUzRQ==&#8221;][\/vc_column][\/vc_row][vc_row content_placement=&#8221;middle&#8221; css_animation=&#8221;none&#8221; css=&#8221;.vc_custom_1714574406887{margin-top: -25px !important;}&#8221;][vc_column css_animation=&#8221;fadeInDown&#8221; css=&#8221;.vc_custom_1714574463795{margin-top: -20px !important;border-bottom-width: 0px !important;}&#8221;][vc_images_carousel images=&#8221;1746,1747,1852,1853,1854&#8243; img_size=&#8221;full&#8221; slides_per_view=&#8221;4&#8243; partial_view=&#8221;yes&#8221; css=&#8221;.vc_custom_1714574362413{padding-top: 0px !important;padding-bottom: 0px !important;}&#8221;][\/vc_column][\/vc_row]<\/p>\n","protected":false},"excerpt":{"rendered":"<p>[vc_row content_placement=&#8221;middle&#8221; css_animation=&#8221;none&#8221;][vc_column css_animation=&#8221;fadeInDown&#8221; width=&#8221;1\/2&#8243;][vc_single_image image=&#8221;1750&#8243; img_size=&#8221;full&#8221; css_animation=&#8221;none&#8221;][\/vc_column][vc_column css_animation=&#8221;fadeInUp&#8221; width=&#8221;1\/2&#8243;][\/vc_column][\/vc_row][vc_row full_width=&#8221;stretch_row&#8221; content_placement=&#8221;middle&#8221; css_animation=&#8221;none&#8221; css=&#8221;.vc_custom_1603980600971{padding-top: 60px !important;padding-bottom: 60px !important;background-image: url(https:\/\/alfadestek.com\/askom1\/wp-content\/uploads\/2020\/10\/product-landing-banner.jpg?id=1751) !important;background-position: center !important;background-repeat: no-repeat !important;background-size: cover !important;}&#8221;][vc_column css_animation=&#8221;fadeInDown&#8221;][\/vc_column][\/vc_row][vc_row][vc_column width=&#8221;1\/3&#8243;][vc_single_image image=&#8221;1763&#8243; img_size=&#8221;full&#8221; alignment=&#8221;center&#8221;][\/vc_column][vc_column width=&#8221;1\/3&#8243;][vc_single_image image=&#8221;1766&#8243; img_size=&#8221;full&#8221; alignment=&#8221;center&#8221;][\/vc_column][vc_column width=&#8221;1\/3&#8243;][vc_single_image image=&#8221;1969&#8243; img_size=&#8221;full&#8221; alignment=&#8221;center&#8221;][\/vc_column][\/vc_row][vc_row][vc_column width=&#8221;1\/2&#8243;][vc_single_image<span class=\"read_more_area\"><a class=\"read-more\" href=\"https:\/\/www.askomltd.com.tr\/\"> Continue Reading <\/a><\/span><\/p>\n","protected":false},"author":1,"featured_media":0,"parent":0,"menu_order":0,"comment_status":"closed","ping_status":"closed","template":"","meta":[],"_links":{"self":[{"href":"https:\/\/www.askomltd.com.tr\/index.php\/wp-json\/wp\/v2\/pages\/1360"}],"collection":[{"href":"https:\/\/www.askomltd.com.tr\/index.php\/wp-json\/wp\/v2\/pages"}],"about":[{"href":"https:\/\/www.askomltd.com.tr\/index.php\/wp-json\/wp\/v2\/types\/page"}],"author":[{"embeddable":true,"href":"https:\/\/www.askomltd.com.tr\/index.php\/wp-json\/wp\/v2\/users\/1"}],"replies":[{"embeddable":true,"href":"https:\/\/www.askomltd.com.tr\/index.php\/wp-json\/wp\/v2\/comments?post=1360"}],"version-history":[{"count":67,"href":"https:\/\/www.askomltd.com.tr\/index.php\/wp-json\/wp\/v2\/pages\/1360\/revisions"}],"predecessor-version":[{"id":1976,"href":"https:\/\/www.askomltd.com.tr\/index.php\/wp-json\/wp\/v2\/pages\/1360\/revisions\/1976"}],"wp:attachment":[{"href":"https:\/\/www.askomltd.com.tr\/index.php\/wp-json\/wp\/v2\/media?parent=1360"}],"curies":[{"name":"wp","href":"https:\/\/api.w.org\/{rel}","templated":true}]}}